{"id":160,"date":"2018-11-22T08:38:36","date_gmt":"2018-11-22T05:38:36","guid":{"rendered":"http:\/\/www.safariozelguvenlik.com.tr\/?page_id=160"},"modified":"2018-11-22T09:08:16","modified_gmt":"2018-11-22T06:08:16","slug":"vizyon","status":"publish","type":"page","link":"https:\/\/www.safariozelguvenlik.com.tr\/index.php\/hakkimizda\/vizyon\/","title":{"rendered":"Vizyon"},"content":{"rendered":"<p>Safari G\u00fcvenlik m\u00fc\u015fteri ve \u00e7al\u0131\u015fanlar\u0131na de\u011fer katan, toplumsal sorumlulu\u011fun bilincinde, \u00fclkesinin de\u011ferlerine sayg\u0131l\u0131, g\u00fcvenilir, kaliteli ve m\u00fc\u015fteri odakl\u0131 hizmet anlay\u0131\u015flar\u0131yla sekt\u00f6r\u00fcnde aranan marka olmay\u0131 hedeflemekte; elde etti\u011fi tecr\u00fcbe ve deneyimi haz\u0131rlad\u0131\u011f\u0131 e\u011fitim programlar\u0131 ile personeline aktar\u0131p hatas\u0131z hizmet vermeyi planlamaktad\u0131r.<\/p>\n","protected":false},"excerpt":{"rendered":"<p>Safari G\u00fcvenlik m\u00fc\u015fteri ve \u00e7al\u0131\u015fanlar\u0131na de\u011fer katan, toplumsal sorumlulu\u011fun bilincinde, \u00fclkesinin de\u011ferlerine sayg\u0131l\u0131, g\u00fcvenilir, kaliteli ve m\u00fc\u015fteri odakl\u0131 hizmet anlay\u0131\u015flar\u0131yla sekt\u00f6r\u00fcnde aranan marka olmay\u0131 hedeflemekte; elde etti\u011fi tecr\u00fcbe ve deneyimi haz\u0131rlad\u0131\u011f\u0131 e\u011fitim programlar\u0131 ile personeline aktar\u0131p hatas\u0131z hizmet vermeyi planlamaktad\u0131r.<\/p>\n","protected":false},"author":1,"featured_media":0,"parent":31,"menu_order":2,"comment_status":"closed","ping_status":"closed","template":"","meta":{"footnotes":""},"class_list":["post-160","page","type-page","status-publish","hentry"],"_links":{"self":[{"href":"https:\/\/www.safariozelguvenlik.com.tr\/index.php\/wp-json\/wp\/v2\/pages\/160","targetHints":{"allow":["GET"]}}],"collection":[{"href":"https:\/\/www.safariozelguvenlik.com.tr\/index.php\/wp-json\/wp\/v2\/pages"}],"about":[{"href":"https:\/\/www.safariozelguvenlik.com.tr\/index.php\/wp-json\/wp\/v2\/types\/page"}],"author":[{"embeddable":true,"href":"https:\/\/www.safariozelguvenlik.com.tr\/index.php\/wp-json\/wp\/v2\/users\/1"}],"replies":[{"embeddable":true,"href":"https:\/\/www.safariozelguvenlik.com.tr\/index.php\/wp-json\/wp\/v2\/comments?post=160"}],"version-history":[{"count":1,"href":"https:\/\/www.safariozelguvenlik.com.tr\/index.php\/wp-json\/wp\/v2\/pages\/160\/revisions"}],"predecessor-version":[{"id":162,"href":"https:\/\/www.safariozelguvenlik.com.tr\/index.php\/wp-json\/wp\/v2\/pages\/160\/revisions\/162"}],"up":[{"embeddable":true,"href":"https:\/\/www.safariozelguvenlik.com.tr\/index.php\/wp-json\/wp\/v2\/pages\/31"}],"wp:attachment":[{"href":"https:\/\/www.safariozelguvenlik.com.tr\/index.php\/wp-json\/wp\/v2\/media?parent=160"}],"curies":[{"name":"wp","href":"https:\/\/api.w.org\/{rel}","templated":true}]}}