{"id":170,"date":"2018-11-22T08:47:24","date_gmt":"2018-11-22T05:47:24","guid":{"rendered":"http:\/\/www.safariozelguvenlik.com.tr\/?page_id=170"},"modified":"2018-11-22T09:02:43","modified_gmt":"2018-11-22T06:02:43","slug":"misyon","status":"publish","type":"page","link":"https:\/\/www.safariozelguvenlik.com.tr\/index.php\/hakkimizda\/misyon\/","title":{"rendered":"Misyon"},"content":{"rendered":"<p>Her insan\u0131n temel hakk\u0131 olan g\u00fcvenilir bir ortamda ya\u015famay\u0131 temel felsefe edinen Safari G\u00fcvenlik; insana de\u011fer veren, kaliteyi ya\u015fam felsefesi olarak benimseyen, konusunda deneyimli bir kurulu\u015f olman\u0131n getirdi\u011fi tecr\u00fcbe, olu\u015fturdu\u011fu yeni i\u015fbirlikleri, de\u011fi\u015fime olan ba\u011fl\u0131l\u0131\u011f\u0131 ile istikrarl\u0131 ve dengeli bir \u015fekilde b\u00fcy\u00fcr. Yenilik\u00e7i insan kaynaklar\u0131 ve g\u00fcvenlik sistemlerini uygulayarak insan kayna\u011f\u0131n\u0131n etkin bir \u015fekilde y\u00f6netilmesini ve \u00e7al\u0131\u015fanlar\u0131n memnuniyetini \u00fcst seviyede tutulmas\u0131n\u0131 sa\u011flar. Safari G\u00fcvenlik; sosyal sorumluluk bilinci ile etik de\u011ferlere \u00f6nem verir, toplumun sosyal ve ekonomik geli\u015fimine katk\u0131da bulunur.<\/p>\n","protected":false},"excerpt":{"rendered":"<p>Her insan\u0131n temel hakk\u0131 olan g\u00fcvenilir bir ortamda ya\u015famay\u0131 temel felsefe edinen Safari G\u00fcvenlik; insana de\u011fer veren, kaliteyi ya\u015fam felsefesi olarak benimseyen, konusunda deneyimli bir kurulu\u015f olman\u0131n getirdi\u011fi tecr\u00fcbe, olu\u015fturdu\u011fu yeni i\u015fbirlikleri, de\u011fi\u015fime olan ba\u011fl\u0131l\u0131\u011f\u0131 ile istikrarl\u0131 ve dengeli bir \u015fekilde b\u00fcy\u00fcr. Yenilik\u00e7i insan kaynaklar\u0131 ve g\u00fcvenlik sistemlerini uygulayarak insan kayna\u011f\u0131n\u0131n etkin bir \u015fekilde y\u00f6netilmesini &hellip; <\/p>\n<p class=\"link-more\"><a href=\"https:\/\/www.safariozelguvenlik.com.tr\/index.php\/hakkimizda\/misyon\/\" class=\"more-link\">Okumaya devam et<span class=\"screen-reader-text\"> &#8220;Misyon&#8221;<\/span><\/a><\/p>\n","protected":false},"author":1,"featured_media":0,"parent":31,"menu_order":0,"comment_status":"closed","ping_status":"closed","template":"","meta":{"footnotes":""},"class_list":["post-170","page","type-page","status-publish","hentry"],"_links":{"self":[{"href":"https:\/\/www.safariozelguvenlik.com.tr\/index.php\/wp-json\/wp\/v2\/pages\/170","targetHints":{"allow":["GET"]}}],"collection":[{"href":"https:\/\/www.safariozelguvenlik.com.tr\/index.php\/wp-json\/wp\/v2\/pages"}],"about":[{"href":"https:\/\/www.safariozelguvenlik.com.tr\/index.php\/wp-json\/wp\/v2\/types\/page"}],"author":[{"embeddable":true,"href":"https:\/\/www.safariozelguvenlik.com.tr\/index.php\/wp-json\/wp\/v2\/users\/1"}],"replies":[{"embeddable":true,"href":"https:\/\/www.safariozelguvenlik.com.tr\/index.php\/wp-json\/wp\/v2\/comments?post=170"}],"version-history":[{"count":1,"href":"https:\/\/www.safariozelguvenlik.com.tr\/index.php\/wp-json\/wp\/v2\/pages\/170\/revisions"}],"predecessor-version":[{"id":172,"href":"https:\/\/www.safariozelguvenlik.com.tr\/index.php\/wp-json\/wp\/v2\/pages\/170\/revisions\/172"}],"up":[{"embeddable":true,"href":"https:\/\/www.safariozelguvenlik.com.tr\/index.php\/wp-json\/wp\/v2\/pages\/31"}],"wp:attachment":[{"href":"https:\/\/www.safariozelguvenlik.com.tr\/index.php\/wp-json\/wp\/v2\/media?parent=170"}],"curies":[{"name":"wp","href":"https:\/\/api.w.org\/{rel}","templated":true}]}}