{"id":32,"date":"2018-11-10T03:26:52","date_gmt":"2018-11-10T00:26:52","guid":{"rendered":"http:\/\/www.safariozelguvenlik.com.tr\/?page_id=32"},"modified":"2018-11-22T09:07:34","modified_gmt":"2018-11-22T06:07:34","slug":"egitimler","status":"publish","type":"page","link":"https:\/\/www.safariozelguvenlik.com.tr\/index.php\/egitimler\/","title":{"rendered":"E\u011e\u0130T\u0130MLER"},"content":{"rendered":"<p><strong>KAYIT \u0130\u00c7\u0130N GEREKL\u0130 EVRAKLAR:<\/strong><\/p>\n<ul>\n<li>Silahs\u0131z\/Silahl\u0131 \u00d6zel G\u00fcvenlik Olur \u0130bareli Sa\u011fl\u0131k Raporu<\/li>\n<li>6 Adet Resim<\/li>\n<li>Diploma Fotokopisi<\/li>\n<li>N\u00fcfus C\u00fczdan\u0131 Fotokopisi<\/li>\n<\/ul>\n<p><strong>KAYIT \u015eARTLARI:<\/strong><\/p>\n<ul>\n<li>En az\u00a0ortaokul veya (8) y\u0131ll\u0131k ilk\u00f6\u011fretim okulu \u00a0mezunu olmak(Silahs\u0131z),En az lise mezunu olmak\u00a0(Silahl\u0131)<\/li>\n<li>18 ya\u015f\u0131n\u0131 doldurmu\u015f olmak(Silahs\u0131z) 21 ya\u015f\u0131n\u0131 doldurmu\u015f olmak(Silahl\u0131)<\/li>\n<li>Sab\u0131kas\u0131z olmak,<\/li>\n<li>Sa\u011fl\u0131k Problemi olmamak,<\/li>\n<\/ul>\n","protected":false},"excerpt":{"rendered":"<p>KAYIT \u0130\u00c7\u0130N GEREKL\u0130 EVRAKLAR: Silahs\u0131z\/Silahl\u0131 \u00d6zel G\u00fcvenlik Olur \u0130bareli Sa\u011fl\u0131k Raporu 6 Adet Resim Diploma Fotokopisi N\u00fcfus C\u00fczdan\u0131 Fotokopisi KAYIT \u015eARTLARI: En az\u00a0ortaokul veya (8) y\u0131ll\u0131k ilk\u00f6\u011fretim okulu \u00a0mezunu olmak(Silahs\u0131z),En az lise mezunu olmak\u00a0(Silahl\u0131) 18 ya\u015f\u0131n\u0131 doldurmu\u015f olmak(Silahs\u0131z) 21 ya\u015f\u0131n\u0131 doldurmu\u015f olmak(Silahl\u0131) Sab\u0131kas\u0131z olmak, Sa\u011fl\u0131k Problemi olmamak,<\/p>\n","protected":false},"author":1,"featured_media":0,"parent":0,"menu_order":0,"comment_status":"closed","ping_status":"closed","template":"","meta":{"footnotes":""},"class_list":["post-32","page","type-page","status-publish","hentry"],"_links":{"self":[{"href":"https:\/\/www.safariozelguvenlik.com.tr\/index.php\/wp-json\/wp\/v2\/pages\/32","targetHints":{"allow":["GET"]}}],"collection":[{"href":"https:\/\/www.safariozelguvenlik.com.tr\/index.php\/wp-json\/wp\/v2\/pages"}],"about":[{"href":"https:\/\/www.safariozelguvenlik.com.tr\/index.php\/wp-json\/wp\/v2\/types\/page"}],"author":[{"embeddable":true,"href":"https:\/\/www.safariozelguvenlik.com.tr\/index.php\/wp-json\/wp\/v2\/users\/1"}],"replies":[{"embeddable":true,"href":"https:\/\/www.safariozelguvenlik.com.tr\/index.php\/wp-json\/wp\/v2\/comments?post=32"}],"version-history":[{"count":5,"href":"https:\/\/www.safariozelguvenlik.com.tr\/index.php\/wp-json\/wp\/v2\/pages\/32\/revisions"}],"predecessor-version":[{"id":202,"href":"https:\/\/www.safariozelguvenlik.com.tr\/index.php\/wp-json\/wp\/v2\/pages\/32\/revisions\/202"}],"wp:attachment":[{"href":"https:\/\/www.safariozelguvenlik.com.tr\/index.php\/wp-json\/wp\/v2\/media?parent=32"}],"curies":[{"name":"wp","href":"https:\/\/api.w.org\/{rel}","templated":true}]}}